{"id":146,"date":"2025-04-25T09:22:25","date_gmt":"2025-04-25T08:22:25","guid":{"rendered":"https:\/\/sociale.al\/?page_id=146"},"modified":"2025-07-28T11:08:03","modified_gmt":"2025-07-28T10:08:03","slug":"standarde","status":"publish","type":"page","link":"https:\/\/sociale.al\/?page_id=146","title":{"rendered":"Standarde"},"content":{"rendered":"\t\t<div data-elementor-type=\"wp-page\" data-elementor-id=\"146\" class=\"elementor elementor-146\" data-elementor-post-type=\"page\">\n\t\t\t\t<div class=\"elementor-element elementor-element-699983ee e-flex e-con-boxed e-con e-parent\" data-id=\"699983ee\" data-element_type=\"container\" data-settings=\"{&quot;background_background&quot;:&quot;classic&quot;}\">\n\t\t\t\t\t<div class=\"e-con-inner\">\n\t\t<div class=\"elementor-element elementor-element-3b956256 e-con-full e-flex e-con e-child\" data-id=\"3b956256\" data-element_type=\"container\">\n\t\t\t\t<div class=\"elementor-element elementor-element-1e548900 elementor-icon-list--layout-inline elementor-list-item-link-full_width elementor-widget elementor-widget-icon-list\" data-id=\"1e548900\" data-element_type=\"widget\" data-widget_type=\"icon-list.default\">\n\t\t\t\t<div class=\"elementor-widget-container\">\n\t\t\t\t\t\t\t<ul class=\"elementor-icon-list-items elementor-inline-items\">\n\t\t\t\t\t\t\t<li class=\"elementor-icon-list-item elementor-inline-item\">\n\t\t\t\t\t\t\t\t\t\t<span class=\"elementor-icon-list-text\">Kreu<\/span>\n\t\t\t\t\t\t\t\t\t<\/li>\n\t\t\t\t\t\t\t\t<li class=\"elementor-icon-list-item elementor-inline-item\">\n\t\t\t\t\t\t\t\t\t\t\t<span class=\"elementor-icon-list-icon\">\n\t\t\t\t\t\t\t<svg aria-hidden=\"true\" class=\"e-font-icon-svg e-fas-chevron-right\" viewBox=\"0 0 320 512\" xmlns=\"http:\/\/www.w3.org\/2000\/svg\"><path d=\"M285.476 272.971L91.132 467.314c-9.373 9.373-24.569 9.373-33.941 0l-22.667-22.667c-9.357-9.357-9.375-24.522-.04-33.901L188.505 256 34.484 101.255c-9.335-9.379-9.317-24.544.04-33.901l22.667-22.667c9.373-9.373 24.569-9.373 33.941 0L285.475 239.03c9.373 9.372 9.373 24.568.001 33.941z\"><\/path><\/svg>\t\t\t\t\t\t<\/span>\n\t\t\t\t\t\t\t\t\t\t<span class=\"elementor-icon-list-text\"><\/span>\n\t\t\t\t\t\t\t\t\t<\/li>\n\t\t\t\t\t\t<\/ul>\n\t\t\t\t\t\t<\/div>\n\t\t\t\t<\/div>\n\t\t\t\t<\/div>\n\t\t\t\t\t<\/div>\n\t\t\t\t<\/div>\n\t\t<div class=\"elementor-element elementor-element-1704be0e e-flex e-con-boxed e-con e-parent\" data-id=\"1704be0e\" data-element_type=\"container\">\n\t\t\t\t\t<div class=\"e-con-inner\">\n\t\t<div class=\"elementor-element elementor-element-10333fa4 e-con-full e-flex e-con e-child\" data-id=\"10333fa4\" data-element_type=\"container\">\n\t\t<div class=\"elementor-element elementor-element-6d302cb1 e-con-full animated-slow e-flex elementor-invisible e-con e-child\" data-id=\"6d302cb1\" data-element_type=\"container\" data-settings=\"{&quot;animation&quot;:&quot;fadeInLeft&quot;}\">\n\t\t<div class=\"elementor-element elementor-element-4b82354 e-con-full e-flex e-con e-child\" data-id=\"4b82354\" data-element_type=\"container\" data-settings=\"{&quot;background_background&quot;:&quot;classic&quot;}\">\n\t\t\t\t<div class=\"elementor-element elementor-element-249bbe98 elementor-position-top elementor-widget elementor-widget-image-box\" data-id=\"249bbe98\" data-element_type=\"widget\" data-widget_type=\"image-box.default\">\n\t\t\t\t<div class=\"elementor-widget-container\">\n\t\t\t\t\t<div class=\"elementor-image-box-wrapper\"><figure class=\"elementor-image-box-img\"><img fetchpriority=\"high\" decoding=\"async\" width=\"500\" height=\"500\" src=\"https:\/\/sociale.al\/wp-content\/uploads\/2025\/04\/About-Us-03.png\" class=\"attachment-full size-full wp-image-24\" alt=\"\" srcset=\"https:\/\/sociale.al\/wp-content\/uploads\/2025\/04\/About-Us-03.png 500w, https:\/\/sociale.al\/wp-content\/uploads\/2025\/04\/About-Us-03-300x300.png 300w, https:\/\/sociale.al\/wp-content\/uploads\/2025\/04\/About-Us-03-150x150.png 150w\" sizes=\"(max-width: 500px) 100vw, 500px\" \/><\/figure><div class=\"elementor-image-box-content\"><h3 class=\"elementor-image-box-title\">Standarte Komb\u00ebtare<\/h3><p class=\"elementor-image-box-description\">Lorem ipsum dolor sit amet, consectetur adipiscing elit.<\/p><\/div><\/div>\t\t\t\t<\/div>\n\t\t\t\t<\/div>\n\t\t\t\t<\/div>\n\t\t<div class=\"elementor-element elementor-element-504dded e-con-full e-flex e-con e-child\" data-id=\"504dded\" data-element_type=\"container\" data-settings=\"{&quot;background_background&quot;:&quot;classic&quot;}\">\n\t\t\t\t<div class=\"elementor-element elementor-element-7b57771 elementor-position-top elementor-widget elementor-widget-image-box\" data-id=\"7b57771\" data-element_type=\"widget\" data-widget_type=\"image-box.default\">\n\t\t\t\t<div class=\"elementor-widget-container\">\n\t\t\t\t\t<div class=\"elementor-image-box-wrapper\"><figure class=\"elementor-image-box-img\"><img decoding=\"async\" width=\"500\" height=\"500\" src=\"https:\/\/sociale.al\/wp-content\/uploads\/2025\/04\/About-Us-01.png\" class=\"attachment-full size-full wp-image-26\" alt=\"\" srcset=\"https:\/\/sociale.al\/wp-content\/uploads\/2025\/04\/About-Us-01.png 500w, https:\/\/sociale.al\/wp-content\/uploads\/2025\/04\/About-Us-01-300x300.png 300w, https:\/\/sociale.al\/wp-content\/uploads\/2025\/04\/About-Us-01-150x150.png 150w\" sizes=\"(max-width: 500px) 100vw, 500px\" \/><\/figure><div class=\"elementor-image-box-content\"><h3 class=\"elementor-image-box-title\">Standarte Nd\u00ebrkomb\u00ebtare<\/h3><p class=\"elementor-image-box-description\">Lorem ipsum dolor sit amet, consectetur adipiscing elit.<\/p><\/div><\/div>\t\t\t\t<\/div>\n\t\t\t\t<\/div>\n\t\t\t\t<\/div>\n\t\t\t\t<\/div>\n\t\t\t\t<\/div>\n\t\t\t\t\t<\/div>\n\t\t\t\t<\/div>\n\t\t\t\t<\/div>\n\t\t","protected":false},"excerpt":{"rendered":"<p>Kreu Standarte Komb\u00ebtare Lorem ipsum dolor sit amet, consectetur adipiscing elit. Standarte Nd\u00ebrkomb\u00ebtare Lorem ipsum dolor sit amet, consectetur adipiscing elit.<\/p>\n","protected":false},"author":1,"featured_media":0,"parent":0,"menu_order":0,"comment_status":"closed","ping_status":"closed","template":"elementor_header_footer","meta":{"footnotes":""},"class_list":["post-146","page","type-page","status-publish","hentry"],"_links":{"self":[{"href":"https:\/\/sociale.al\/index.php?rest_route=\/wp\/v2\/pages\/146","targetHints":{"allow":["GET"]}}],"collection":[{"href":"https:\/\/sociale.al\/index.php?rest_route=\/wp\/v2\/pages"}],"about":[{"href":"https:\/\/sociale.al\/index.php?rest_route=\/wp\/v2\/types\/page"}],"author":[{"embeddable":true,"href":"https:\/\/sociale.al\/index.php?rest_route=\/wp\/v2\/users\/1"}],"replies":[{"embeddable":true,"href":"https:\/\/sociale.al\/index.php?rest_route=%2Fwp%2Fv2%2Fcomments&post=146"}],"version-history":[{"count":10,"href":"https:\/\/sociale.al\/index.php?rest_route=\/wp\/v2\/pages\/146\/revisions"}],"predecessor-version":[{"id":734,"href":"https:\/\/sociale.al\/index.php?rest_route=\/wp\/v2\/pages\/146\/revisions\/734"}],"wp:attachment":[{"href":"https:\/\/sociale.al\/index.php?rest_route=%2Fwp%2Fv2%2Fmedia&parent=146"}],"curies":[{"name":"wp","href":"https:\/\/api.w.org\/{rel}","templated":true}]}}